{"id":52,"date":"2022-03-27T19:38:55","date_gmt":"2022-03-27T17:38:55","guid":{"rendered":"https:\/\/alessioruggio.com\/?page_id=52"},"modified":"2022-04-17T15:10:42","modified_gmt":"2022-04-17T13:10:42","slug":"photos","status":"publish","type":"page","link":"https:\/\/alessioruggio.com\/index.php\/photos\/","title":{"rendered":"Photos"},"content":{"rendered":"\n<figure class=\"wp-block-gallery has-nested-images columns-1 is-cropped wp-block-gallery-1 is-layout-flex wp-block-gallery-is-layout-flex\">\n<figure class=\"wp-block-image size-large\"><a href=\"https:\/\/alessioruggio.com\/wp-content\/uploads\/2022\/03\/cropped-cropped-BETTY-EVENT-FEV-2022-175-scaled-e1648367449564.jpg\"><img loading=\"lazy\" decoding=\"async\" width=\"1920\" height=\"1195\" data-id=\"33\" src=\"http:\/\/alessioruggio.com\/wp-content\/uploads\/2022\/03\/cropped-cropped-BETTY-EVENT-FEV-2022-175-scaled-e1648367449564.jpg\" alt=\"\" class=\"wp-image-33\" srcset=\"https:\/\/alessioruggio.com\/wp-content\/uploads\/2022\/03\/cropped-cropped-BETTY-EVENT-FEV-2022-175-scaled-e1648367449564.jpg 1920w, https:\/\/alessioruggio.com\/wp-content\/uploads\/2022\/03\/cropped-cropped-BETTY-EVENT-FEV-2022-175-scaled-e1648367449564-300x187.jpg 300w, https:\/\/alessioruggio.com\/wp-content\/uploads\/2022\/03\/cropped-cropped-BETTY-EVENT-FEV-2022-175-scaled-e1648367449564-1024x637.jpg 1024w, https:\/\/alessioruggio.com\/wp-content\/uploads\/2022\/03\/cropped-cropped-BETTY-EVENT-FEV-2022-175-scaled-e1648367449564-768x478.jpg 768w, https:\/\/alessioruggio.com\/wp-content\/uploads\/2022\/03\/cropped-cropped-BETTY-EVENT-FEV-2022-175-scaled-e1648367449564-1536x956.jpg 1536w\" sizes=\"auto, (max-width: 1920px) 100vw, 1920px\" \/><\/a><\/figure>\n\n\n\n<figure class=\"wp-block-image size-large\"><a href=\"https:\/\/alessioruggio.com\/wp-content\/uploads\/2022\/03\/c4784ba0-2bdf-4165-b742-10c0a7889b1d-rotated.jpg\"><img loading=\"lazy\" decoding=\"async\" width=\"1024\" height=\"576\" data-id=\"15\" src=\"http:\/\/alessioruggio.com\/wp-content\/uploads\/2022\/03\/c4784ba0-2bdf-4165-b742-10c0a7889b1d-rotated.jpg\" alt=\"\" class=\"wp-image-15\" srcset=\"https:\/\/alessioruggio.com\/wp-content\/uploads\/2022\/03\/c4784ba0-2bdf-4165-b742-10c0a7889b1d-rotated.jpg 1024w, https:\/\/alessioruggio.com\/wp-content\/uploads\/2022\/03\/c4784ba0-2bdf-4165-b742-10c0a7889b1d-300x169.jpg 300w, https:\/\/alessioruggio.com\/wp-content\/uploads\/2022\/03\/c4784ba0-2bdf-4165-b742-10c0a7889b1d-768x432.jpg 768w\" sizes=\"auto, (max-width: 1024px) 100vw, 1024px\" \/><\/a><\/figure>\n\n\n\n<figure class=\"wp-block-image size-large\"><a href=\"https:\/\/alessioruggio.com\/wp-content\/uploads\/2022\/03\/cropped-8f9c87b0-766a-416c-8329-6e79a7ba24cb-rotated-e1648318185915.jpg\"><img loading=\"lazy\" decoding=\"async\" width=\"1920\" height=\"1080\" data-id=\"23\" src=\"http:\/\/alessioruggio.com\/wp-content\/uploads\/2022\/03\/cropped-8f9c87b0-766a-416c-8329-6e79a7ba24cb-rotated-e1648318185915.jpg\" alt=\"\" class=\"wp-image-23\" srcset=\"https:\/\/alessioruggio.com\/wp-content\/uploads\/2022\/03\/cropped-8f9c87b0-766a-416c-8329-6e79a7ba24cb-rotated-e1648318185915.jpg 1920w, https:\/\/alessioruggio.com\/wp-content\/uploads\/2022\/03\/cropped-8f9c87b0-766a-416c-8329-6e79a7ba24cb-rotated-e1648318185915-300x169.jpg 300w, https:\/\/alessioruggio.com\/wp-content\/uploads\/2022\/03\/cropped-8f9c87b0-766a-416c-8329-6e79a7ba24cb-rotated-e1648318185915-1024x576.jpg 1024w, https:\/\/alessioruggio.com\/wp-content\/uploads\/2022\/03\/cropped-8f9c87b0-766a-416c-8329-6e79a7ba24cb-rotated-e1648318185915-768x432.jpg 768w, https:\/\/alessioruggio.com\/wp-content\/uploads\/2022\/03\/cropped-8f9c87b0-766a-416c-8329-6e79a7ba24cb-rotated-e1648318185915-1536x864.jpg 1536w\" sizes=\"auto, (max-width: 1920px) 100vw, 1920px\" \/><\/a><\/figure>\n\n\n\n<figure class=\"wp-block-image size-large\"><a href=\"https:\/\/alessioruggio.com\/wp-content\/uploads\/2022\/03\/671d3974-c945-4d3b-807f-4cde82fca5e4-rotated.jpg\"><img loading=\"lazy\" decoding=\"async\" width=\"1024\" height=\"576\" data-id=\"54\" src=\"https:\/\/alessioruggio.com\/wp-content\/uploads\/2022\/03\/671d3974-c945-4d3b-807f-4cde82fca5e4-rotated.jpg\" alt=\"\" class=\"wp-image-54\" srcset=\"https:\/\/alessioruggio.com\/wp-content\/uploads\/2022\/03\/671d3974-c945-4d3b-807f-4cde82fca5e4-rotated.jpg 1024w, https:\/\/alessioruggio.com\/wp-content\/uploads\/2022\/03\/671d3974-c945-4d3b-807f-4cde82fca5e4-300x169.jpg 300w, https:\/\/alessioruggio.com\/wp-content\/uploads\/2022\/03\/671d3974-c945-4d3b-807f-4cde82fca5e4-768x432.jpg 768w\" sizes=\"auto, (max-width: 1024px) 100vw, 1024px\" \/><\/a><\/figure>\n\n\n\n<figure class=\"wp-block-image size-large\"><a href=\"https:\/\/alessioruggio.com\/wp-content\/uploads\/2022\/03\/Alessio-Ruggio-en-concert-avec-la-participation-de-Chimene-Badi.jpg\"><img loading=\"lazy\" decoding=\"async\" width=\"1024\" height=\"576\" data-id=\"55\" src=\"https:\/\/alessioruggio.com\/wp-content\/uploads\/2022\/03\/Alessio-Ruggio-en-concert-avec-la-participation-de-Chimene-Badi-1024x576.jpg\" alt=\"\" class=\"wp-image-55\" srcset=\"https:\/\/alessioruggio.com\/wp-content\/uploads\/2022\/03\/Alessio-Ruggio-en-concert-avec-la-participation-de-Chimene-Badi-1024x576.jpg 1024w, https:\/\/alessioruggio.com\/wp-content\/uploads\/2022\/03\/Alessio-Ruggio-en-concert-avec-la-participation-de-Chimene-Badi-300x169.jpg 300w, https:\/\/alessioruggio.com\/wp-content\/uploads\/2022\/03\/Alessio-Ruggio-en-concert-avec-la-participation-de-Chimene-Badi-768x432.jpg 768w, https:\/\/alessioruggio.com\/wp-content\/uploads\/2022\/03\/Alessio-Ruggio-en-concert-avec-la-participation-de-Chimene-Badi-1536x864.jpg 1536w, https:\/\/alessioruggio.com\/wp-content\/uploads\/2022\/03\/Alessio-Ruggio-en-concert-avec-la-participation-de-Chimene-Badi.jpg 1600w\" sizes=\"auto, (max-width: 1024px) 100vw, 1024px\" \/><\/a><\/figure>\n\n\n\n<figure class=\"wp-block-image size-large\"><a href=\"https:\/\/alessioruggio.com\/wp-content\/uploads\/2022\/04\/image00002.jpeg\"><img loading=\"lazy\" decoding=\"async\" width=\"1024\" height=\"1024\" data-id=\"263\" src=\"https:\/\/alessioruggio.com\/wp-content\/uploads\/2022\/04\/image00002-1024x1024.jpeg\" alt=\"\" class=\"wp-image-263\" srcset=\"https:\/\/alessioruggio.com\/wp-content\/uploads\/2022\/04\/image00002-1024x1024.jpeg 1024w, https:\/\/alessioruggio.com\/wp-content\/uploads\/2022\/04\/image00002-300x300.jpeg 300w, https:\/\/alessioruggio.com\/wp-content\/uploads\/2022\/04\/image00002-150x150.jpeg 150w, https:\/\/alessioruggio.com\/wp-content\/uploads\/2022\/04\/image00002-768x768.jpeg 768w, https:\/\/alessioruggio.com\/wp-content\/uploads\/2022\/04\/image00002-1536x1536.jpeg 1536w, https:\/\/alessioruggio.com\/wp-content\/uploads\/2022\/04\/image00002-2048x2048.jpeg 2048w, https:\/\/alessioruggio.com\/wp-content\/uploads\/2022\/04\/image00002-666x666.jpeg 666w, https:\/\/alessioruggio.com\/wp-content\/uploads\/2022\/04\/image00002-96x96.jpeg 96w\" sizes=\"auto, (max-width: 1024px) 100vw, 1024px\" \/><\/a><\/figure>\n\n\n\n<figure class=\"wp-block-image size-large\"><a href=\"https:\/\/alessioruggio.com\/wp-content\/uploads\/2022\/04\/image00007.png\"><img loading=\"lazy\" decoding=\"async\" width=\"1024\" height=\"576\" data-id=\"264\" src=\"https:\/\/alessioruggio.com\/wp-content\/uploads\/2022\/04\/image00007-1024x576.png\" alt=\"\" class=\"wp-image-264\" srcset=\"https:\/\/alessioruggio.com\/wp-content\/uploads\/2022\/04\/image00007-1024x576.png 1024w, https:\/\/alessioruggio.com\/wp-content\/uploads\/2022\/04\/image00007-300x169.png 300w, https:\/\/alessioruggio.com\/wp-content\/uploads\/2022\/04\/image00007-768x432.png 768w, https:\/\/alessioruggio.com\/wp-content\/uploads\/2022\/04\/image00007-1536x864.png 1536w, https:\/\/alessioruggio.com\/wp-content\/uploads\/2022\/04\/image00007-2048x1152.png 2048w, https:\/\/alessioruggio.com\/wp-content\/uploads\/2022\/04\/image00007-1920x1080.png 1920w\" sizes=\"auto, (max-width: 1024px) 100vw, 1024px\" \/><\/a><\/figure>\n\n\n\n<figure class=\"wp-block-image size-large\"><a href=\"https:\/\/alessioruggio.com\/wp-content\/uploads\/2022\/04\/MINIATURE-YOUTUBE1.png\"><img loading=\"lazy\" decoding=\"async\" width=\"1024\" height=\"576\" data-id=\"266\" src=\"https:\/\/alessioruggio.com\/wp-content\/uploads\/2022\/04\/MINIATURE-YOUTUBE1-1024x576.png\" alt=\"\" class=\"wp-image-266\" srcset=\"https:\/\/alessioruggio.com\/wp-content\/uploads\/2022\/04\/MINIATURE-YOUTUBE1-1024x576.png 1024w, https:\/\/alessioruggio.com\/wp-content\/uploads\/2022\/04\/MINIATURE-YOUTUBE1-300x169.png 300w, https:\/\/alessioruggio.com\/wp-content\/uploads\/2022\/04\/MINIATURE-YOUTUBE1-768x432.png 768w, https:\/\/alessioruggio.com\/wp-content\/uploads\/2022\/04\/MINIATURE-YOUTUBE1-1536x864.png 1536w, https:\/\/alessioruggio.com\/wp-content\/uploads\/2022\/04\/MINIATURE-YOUTUBE1.png 1920w\" sizes=\"auto, (max-width: 1024px) 100vw, 1024px\" \/><\/a><\/figure>\n\n\n\n<figure class=\"wp-block-image size-large\"><a href=\"https:\/\/alessioruggio.com\/wp-content\/uploads\/2022\/04\/BETTY-EVENT-FEV-2022-207-scaled.jpg\"><img loading=\"lazy\" decoding=\"async\" width=\"1024\" height=\"645\" data-id=\"271\" src=\"https:\/\/alessioruggio.com\/wp-content\/uploads\/2022\/04\/BETTY-EVENT-FEV-2022-207-1024x645.jpg\" alt=\"\" class=\"wp-image-271\" srcset=\"https:\/\/alessioruggio.com\/wp-content\/uploads\/2022\/04\/BETTY-EVENT-FEV-2022-207-1024x645.jpg 1024w, https:\/\/alessioruggio.com\/wp-content\/uploads\/2022\/04\/BETTY-EVENT-FEV-2022-207-300x189.jpg 300w, https:\/\/alessioruggio.com\/wp-content\/uploads\/2022\/04\/BETTY-EVENT-FEV-2022-207-768x484.jpg 768w, https:\/\/alessioruggio.com\/wp-content\/uploads\/2022\/04\/BETTY-EVENT-FEV-2022-207-1536x968.jpg 1536w, https:\/\/alessioruggio.com\/wp-content\/uploads\/2022\/04\/BETTY-EVENT-FEV-2022-207-2048x1290.jpg 2048w\" sizes=\"auto, (max-width: 1024px) 100vw, 1024px\" \/><\/a><\/figure>\n\n\n\n<figure class=\"wp-block-image size-large\"><a href=\"https:\/\/alessioruggio.com\/wp-content\/uploads\/2022\/04\/IMG_2396_Facetune_20-02-2022-11-01-38-scaled.jpg\"><img loading=\"lazy\" decoding=\"async\" width=\"768\" height=\"1024\" data-id=\"273\" src=\"https:\/\/alessioruggio.com\/wp-content\/uploads\/2022\/04\/IMG_2396_Facetune_20-02-2022-11-01-38-768x1024.jpg\" alt=\"\" class=\"wp-image-273\" srcset=\"https:\/\/alessioruggio.com\/wp-content\/uploads\/2022\/04\/IMG_2396_Facetune_20-02-2022-11-01-38-768x1024.jpg 768w, https:\/\/alessioruggio.com\/wp-content\/uploads\/2022\/04\/IMG_2396_Facetune_20-02-2022-11-01-38-225x300.jpg 225w, https:\/\/alessioruggio.com\/wp-content\/uploads\/2022\/04\/IMG_2396_Facetune_20-02-2022-11-01-38-1152x1536.jpg 1152w, https:\/\/alessioruggio.com\/wp-content\/uploads\/2022\/04\/IMG_2396_Facetune_20-02-2022-11-01-38-1536x2048.jpg 1536w, https:\/\/alessioruggio.com\/wp-content\/uploads\/2022\/04\/IMG_2396_Facetune_20-02-2022-11-01-38-666x888.jpg 666w, https:\/\/alessioruggio.com\/wp-content\/uploads\/2022\/04\/IMG_2396_Facetune_20-02-2022-11-01-38-scaled.jpg 1920w\" sizes=\"auto, (max-width: 768px) 100vw, 768px\" \/><\/a><\/figure>\n\n\n\n<figure class=\"wp-block-image size-large\"><a href=\"https:\/\/alessioruggio.com\/wp-content\/uploads\/2022\/04\/Alessio-Ruggio-et-Elodie-Frege.jpg\"><img loading=\"lazy\" decoding=\"async\" width=\"1024\" height=\"1024\" data-id=\"276\" src=\"https:\/\/alessioruggio.com\/wp-content\/uploads\/2022\/04\/Alessio-Ruggio-et-Elodie-Frege-1024x1024.jpg\" alt=\"\" class=\"wp-image-276\" srcset=\"https:\/\/alessioruggio.com\/wp-content\/uploads\/2022\/04\/Alessio-Ruggio-et-Elodie-Frege-1024x1024.jpg 1024w, https:\/\/alessioruggio.com\/wp-content\/uploads\/2022\/04\/Alessio-Ruggio-et-Elodie-Frege-300x300.jpg 300w, https:\/\/alessioruggio.com\/wp-content\/uploads\/2022\/04\/Alessio-Ruggio-et-Elodie-Frege-150x150.jpg 150w, https:\/\/alessioruggio.com\/wp-content\/uploads\/2022\/04\/Alessio-Ruggio-et-Elodie-Frege-768x768.jpg 768w, https:\/\/alessioruggio.com\/wp-content\/uploads\/2022\/04\/Alessio-Ruggio-et-Elodie-Frege-666x666.jpg 666w, https:\/\/alessioruggio.com\/wp-content\/uploads\/2022\/04\/Alessio-Ruggio-et-Elodie-Frege-96x96.jpg 96w, https:\/\/alessioruggio.com\/wp-content\/uploads\/2022\/04\/Alessio-Ruggio-et-Elodie-Frege.jpg 1124w\" sizes=\"auto, (max-width: 1024px) 100vw, 1024px\" \/><\/a><\/figure>\n\n\n\n<figure class=\"wp-block-image size-large\"><a href=\"https:\/\/alessioruggio.com\/wp-content\/uploads\/2022\/04\/46261E07-382F-418A-9EA8-100968DA4457.jpg\"><img loading=\"lazy\" decoding=\"async\" width=\"1024\" height=\"576\" data-id=\"275\" src=\"https:\/\/alessioruggio.com\/wp-content\/uploads\/2022\/04\/46261E07-382F-418A-9EA8-100968DA4457-1024x576.jpg\" alt=\"\" class=\"wp-image-275\" srcset=\"https:\/\/alessioruggio.com\/wp-content\/uploads\/2022\/04\/46261E07-382F-418A-9EA8-100968DA4457-1024x576.jpg 1024w, https:\/\/alessioruggio.com\/wp-content\/uploads\/2022\/04\/46261E07-382F-418A-9EA8-100968DA4457-300x169.jpg 300w, https:\/\/alessioruggio.com\/wp-content\/uploads\/2022\/04\/46261E07-382F-418A-9EA8-100968DA4457-768x432.jpg 768w, https:\/\/alessioruggio.com\/wp-content\/uploads\/2022\/04\/46261E07-382F-418A-9EA8-100968DA4457.jpg 1124w\" sizes=\"auto, (max-width: 1024px) 100vw, 1024px\" \/><\/a><\/figure>\n<\/figure>\n\n\n\n<p><\/p>\n","protected":false},"excerpt":{"rendered":"","protected":false},"author":2,"featured_media":53,"parent":0,"menu_order":0,"comment_status":"closed","ping_status":"closed","template":"templates\/full-width-page.php","meta":{"footnotes":""},"class_list":["post-52","page","type-page","status-publish","has-post-thumbnail","hentry"],"yoast_head":"<!-- This site is optimized with the Yoast SEO plugin v18.5.1 - https:\/\/yoast.com\/wordpress\/plugins\/seo\/ -->\n<title>Photos - Alessio Ruggio<\/title>\n<meta name=\"description\" content=\"Alessio Ruggio est un pianiste-compositeur franco-italien, son premier concert live piano-solo a eu lieu le 19 f\u00e9vrier 2022 au th\u00e9\u00e2tre Bobino, Paris.\" \/>\n<meta name=\"robots\" content=\"index, follow, max-snippet:-1, max-image-preview:large, max-video-preview:-1\" \/>\n<link rel=\"canonical\" href=\"https:\/\/alessioruggio.com\/index.php\/photos\/\" \/>\n<meta property=\"og:locale\" content=\"it_IT\" \/>\n<meta property=\"og:type\" content=\"article\" \/>\n<meta property=\"og:title\" content=\"Photos - Alessio Ruggio\" \/>\n<meta property=\"og:description\" content=\"Alessio Ruggio est un pianiste-compositeur franco-italien, son premier concert live piano-solo a eu lieu le 19 f\u00e9vrier 2022 au th\u00e9\u00e2tre Bobino, Paris.\" \/>\n<meta property=\"og:url\" content=\"https:\/\/alessioruggio.com\/index.php\/photos\/\" \/>\n<meta property=\"og:site_name\" content=\"Alessio Ruggio\" \/>\n<meta property=\"article:modified_time\" content=\"2022-04-17T13:10:42+00:00\" \/>\n<meta property=\"og:image\" content=\"https:\/\/alessioruggio.com\/wp-content\/uploads\/2022\/03\/BETTY-EVENT-FEV-2022-203-scaled-e1648381654911.jpg\" \/>\n\t<meta property=\"og:image:width\" content=\"2560\" \/>\n\t<meta property=\"og:image:height\" content=\"1164\" \/>\n\t<meta property=\"og:image:type\" content=\"image\/jpeg\" \/>\n<meta name=\"twitter:card\" content=\"summary_large_image\" \/>\n<meta name=\"twitter:label1\" content=\"Tempo di lettura stimato\" \/>\n\t<meta name=\"twitter:data1\" content=\"3 minuti\" \/>\n<script type=\"application\/ld+json\" class=\"yoast-schema-graph\">{\"@context\":\"https:\/\/schema.org\",\"@graph\":[{\"@type\":[\"Person\",\"Organization\"],\"@id\":\"https:\/\/alessioruggio.com\/#\/schema\/person\/4a00a85c43f79ff31b5263e5c77390ce\",\"name\":\"Alessio Ruggio\",\"image\":{\"@type\":\"ImageObject\",\"@id\":\"https:\/\/alessioruggio.com\/#personlogo\",\"inLanguage\":\"it-IT\",\"url\":\"https:\/\/alessioruggio.com\/wp-content\/uploads\/2022\/03\/cropped-8f9c87b0-766a-416c-8329-6e79a7ba24cb-rotated-e1648318185915.jpg\",\"contentUrl\":\"https:\/\/alessioruggio.com\/wp-content\/uploads\/2022\/03\/cropped-8f9c87b0-766a-416c-8329-6e79a7ba24cb-rotated-e1648318185915.jpg\",\"width\":1920,\"height\":1080,\"caption\":\"Alessio Ruggio\"},\"logo\":{\"@id\":\"https:\/\/alessioruggio.com\/#personlogo\"},\"sameAs\":[\"http:\/\/alessioruggio.com\"]},{\"@type\":\"WebSite\",\"@id\":\"https:\/\/alessioruggio.com\/#website\",\"url\":\"https:\/\/alessioruggio.com\/\",\"name\":\"Alessio Ruggio\",\"description\":\"\",\"publisher\":{\"@id\":\"https:\/\/alessioruggio.com\/#\/schema\/person\/4a00a85c43f79ff31b5263e5c77390ce\"},\"potentialAction\":[{\"@type\":\"SearchAction\",\"target\":{\"@type\":\"EntryPoint\",\"urlTemplate\":\"https:\/\/alessioruggio.com\/?s={search_term_string}\"},\"query-input\":\"required name=search_term_string\"}],\"inLanguage\":\"it-IT\"},{\"@type\":\"ImageObject\",\"@id\":\"https:\/\/alessioruggio.com\/index.php\/photos\/#primaryimage\",\"inLanguage\":\"it-IT\",\"url\":\"https:\/\/alessioruggio.com\/wp-content\/uploads\/2022\/03\/BETTY-EVENT-FEV-2022-203-scaled-e1648381654911.jpg\",\"contentUrl\":\"https:\/\/alessioruggio.com\/wp-content\/uploads\/2022\/03\/BETTY-EVENT-FEV-2022-203-scaled-e1648381654911.jpg\",\"width\":2560,\"height\":1164},{\"@type\":\"WebPage\",\"@id\":\"https:\/\/alessioruggio.com\/index.php\/photos\/#webpage\",\"url\":\"https:\/\/alessioruggio.com\/index.php\/photos\/\",\"name\":\"Photos - Alessio Ruggio\",\"isPartOf\":{\"@id\":\"https:\/\/alessioruggio.com\/#website\"},\"primaryImageOfPage\":{\"@id\":\"https:\/\/alessioruggio.com\/index.php\/photos\/#primaryimage\"},\"datePublished\":\"2022-03-27T17:38:55+00:00\",\"dateModified\":\"2022-04-17T13:10:42+00:00\",\"description\":\"Alessio Ruggio est un pianiste-compositeur franco-italien, son premier concert live piano-solo a eu lieu le 19 f\u00e9vrier 2022 au th\u00e9\u00e2tre Bobino, Paris.\",\"breadcrumb\":{\"@id\":\"https:\/\/alessioruggio.com\/index.php\/photos\/#breadcrumb\"},\"inLanguage\":\"it-IT\",\"potentialAction\":[{\"@type\":\"ReadAction\",\"target\":[\"https:\/\/alessioruggio.com\/index.php\/photos\/\"]}]},{\"@type\":\"BreadcrumbList\",\"@id\":\"https:\/\/alessioruggio.com\/index.php\/photos\/#breadcrumb\",\"itemListElement\":[{\"@type\":\"ListItem\",\"position\":1,\"name\":\"Home\",\"item\":\"https:\/\/alessioruggio.com\/\"},{\"@type\":\"ListItem\",\"position\":2,\"name\":\"Photos\"}]}]}<\/script>\n<!-- \/ Yoast SEO plugin. -->","yoast_head_json":{"title":"Photos - Alessio Ruggio","description":"Alessio Ruggio est un pianiste-compositeur franco-italien, son premier concert live piano-solo a eu lieu le 19 f\u00e9vrier 2022 au th\u00e9\u00e2tre Bobino, Paris.","robots":{"index":"index","follow":"follow","max-snippet":"max-snippet:-1","max-image-preview":"max-image-preview:large","max-video-preview":"max-video-preview:-1"},"canonical":"https:\/\/alessioruggio.com\/index.php\/photos\/","og_locale":"it_IT","og_type":"article","og_title":"Photos - Alessio Ruggio","og_description":"Alessio Ruggio est un pianiste-compositeur franco-italien, son premier concert live piano-solo a eu lieu le 19 f\u00e9vrier 2022 au th\u00e9\u00e2tre Bobino, Paris.","og_url":"https:\/\/alessioruggio.com\/index.php\/photos\/","og_site_name":"Alessio Ruggio","article_modified_time":"2022-04-17T13:10:42+00:00","og_image":[{"width":2560,"height":1164,"url":"https:\/\/alessioruggio.com\/wp-content\/uploads\/2022\/03\/BETTY-EVENT-FEV-2022-203-scaled-e1648381654911.jpg","type":"image\/jpeg"}],"twitter_card":"summary_large_image","twitter_misc":{"Tempo di lettura stimato":"3 minuti"},"schema":{"@context":"https:\/\/schema.org","@graph":[{"@type":["Person","Organization"],"@id":"https:\/\/alessioruggio.com\/#\/schema\/person\/4a00a85c43f79ff31b5263e5c77390ce","name":"Alessio Ruggio","image":{"@type":"ImageObject","@id":"https:\/\/alessioruggio.com\/#personlogo","inLanguage":"it-IT","url":"https:\/\/alessioruggio.com\/wp-content\/uploads\/2022\/03\/cropped-8f9c87b0-766a-416c-8329-6e79a7ba24cb-rotated-e1648318185915.jpg","contentUrl":"https:\/\/alessioruggio.com\/wp-content\/uploads\/2022\/03\/cropped-8f9c87b0-766a-416c-8329-6e79a7ba24cb-rotated-e1648318185915.jpg","width":1920,"height":1080,"caption":"Alessio Ruggio"},"logo":{"@id":"https:\/\/alessioruggio.com\/#personlogo"},"sameAs":["http:\/\/alessioruggio.com"]},{"@type":"WebSite","@id":"https:\/\/alessioruggio.com\/#website","url":"https:\/\/alessioruggio.com\/","name":"Alessio Ruggio","description":"","publisher":{"@id":"https:\/\/alessioruggio.com\/#\/schema\/person\/4a00a85c43f79ff31b5263e5c77390ce"},"potentialAction":[{"@type":"SearchAction","target":{"@type":"EntryPoint","urlTemplate":"https:\/\/alessioruggio.com\/?s={search_term_string}"},"query-input":"required name=search_term_string"}],"inLanguage":"it-IT"},{"@type":"ImageObject","@id":"https:\/\/alessioruggio.com\/index.php\/photos\/#primaryimage","inLanguage":"it-IT","url":"https:\/\/alessioruggio.com\/wp-content\/uploads\/2022\/03\/BETTY-EVENT-FEV-2022-203-scaled-e1648381654911.jpg","contentUrl":"https:\/\/alessioruggio.com\/wp-content\/uploads\/2022\/03\/BETTY-EVENT-FEV-2022-203-scaled-e1648381654911.jpg","width":2560,"height":1164},{"@type":"WebPage","@id":"https:\/\/alessioruggio.com\/index.php\/photos\/#webpage","url":"https:\/\/alessioruggio.com\/index.php\/photos\/","name":"Photos - Alessio Ruggio","isPartOf":{"@id":"https:\/\/alessioruggio.com\/#website"},"primaryImageOfPage":{"@id":"https:\/\/alessioruggio.com\/index.php\/photos\/#primaryimage"},"datePublished":"2022-03-27T17:38:55+00:00","dateModified":"2022-04-17T13:10:42+00:00","description":"Alessio Ruggio est un pianiste-compositeur franco-italien, son premier concert live piano-solo a eu lieu le 19 f\u00e9vrier 2022 au th\u00e9\u00e2tre Bobino, Paris.","breadcrumb":{"@id":"https:\/\/alessioruggio.com\/index.php\/photos\/#breadcrumb"},"inLanguage":"it-IT","potentialAction":[{"@type":"ReadAction","target":["https:\/\/alessioruggio.com\/index.php\/photos\/"]}]},{"@type":"BreadcrumbList","@id":"https:\/\/alessioruggio.com\/index.php\/photos\/#breadcrumb","itemListElement":[{"@type":"ListItem","position":1,"name":"Home","item":"https:\/\/alessioruggio.com\/"},{"@type":"ListItem","position":2,"name":"Photos"}]}]}},"_links":{"self":[{"href":"https:\/\/alessioruggio.com\/index.php\/wp-json\/wp\/v2\/pages\/52","targetHints":{"allow":["GET"]}}],"collection":[{"href":"https:\/\/alessioruggio.com\/index.php\/wp-json\/wp\/v2\/pages"}],"about":[{"href":"https:\/\/alessioruggio.com\/index.php\/wp-json\/wp\/v2\/types\/page"}],"author":[{"embeddable":true,"href":"https:\/\/alessioruggio.com\/index.php\/wp-json\/wp\/v2\/users\/2"}],"replies":[{"embeddable":true,"href":"https:\/\/alessioruggio.com\/index.php\/wp-json\/wp\/v2\/comments?post=52"}],"version-history":[{"count":10,"href":"https:\/\/alessioruggio.com\/index.php\/wp-json\/wp\/v2\/pages\/52\/revisions"}],"predecessor-version":[{"id":277,"href":"https:\/\/alessioruggio.com\/index.php\/wp-json\/wp\/v2\/pages\/52\/revisions\/277"}],"wp:featuredmedia":[{"embeddable":true,"href":"https:\/\/alessioruggio.com\/index.php\/wp-json\/wp\/v2\/media\/53"}],"wp:attachment":[{"href":"https:\/\/alessioruggio.com\/index.php\/wp-json\/wp\/v2\/media?parent=52"}],"curies":[{"name":"wp","href":"https:\/\/api.w.org\/{rel}","templated":true}]}}