{"id":449,"date":"2024-07-07T22:04:09","date_gmt":"2024-07-07T20:04:09","guid":{"rendered":"https:\/\/alessioruggio.com\/?page_id=449"},"modified":"2024-07-07T22:35:32","modified_gmt":"2024-07-07T20:35:32","slug":"divan-rouge-spectacle-musical-alessio-ruggio","status":"publish","type":"page","link":"https:\/\/alessioruggio.com\/index.php\/divan-rouge-spectacle-musical-alessio-ruggio\/","title":{"rendered":"Divan ROUGE Spectacle Musical par Cyril LAPARRE &#8211; SAMEDI 19 OCTOBRE 2024 \u00c0 20 H 30"},"content":{"rendered":"\n<div class=\"wp-block-columns is-layout-flex wp-container-core-columns-is-layout-9d6595d7 wp-block-columns-is-layout-flex\">\n<div class=\"wp-block-column is-layout-flow wp-block-column-is-layout-flow\" style=\"flex-basis:100%\"><\/div>\n<\/div>\n\n\n\n<div class=\"wp-block-columns is-layout-flex wp-container-core-columns-is-layout-9d6595d7 wp-block-columns-is-layout-flex\">\n<div class=\"wp-block-column is-layout-flow wp-block-column-is-layout-flow\" style=\"flex-basis:33.34%\"><\/div>\n\n\n\n<div class=\"wp-block-column is-layout-flow wp-block-column-is-layout-flow\" style=\"flex-basis:55%\">\n<figure class=\"wp-block-video\"><video height=\"360\" style=\"aspect-ratio: 640 \/ 360;\" width=\"640\" autoplay controls loop preload=\"auto\" src=\"http:\/\/alessioruggio.com\/wp-content\/uploads\/2024\/07\/Divan-ROUGE-Spectacle-Musical-par-Cyril-LAPARRE-Moonlight-Productions.mp4\"><\/video><\/figure>\n<\/div>\n\n\n\n<div class=\"wp-block-column is-layout-flow wp-block-column-is-layout-flow\" style=\"flex-basis:33.33%\"><\/div>\n<\/div>\n\n\n\n<div style=\"height:6px\" aria-hidden=\"true\" class=\"wp-block-spacer\"><\/div>\n\n\n\n<div class=\"responsive-container\" style=\"border: 1px solid #ddd; border-radius: 5px; overflow: hidden; font-family: Arial, sans-serif; background-color: #fff; max-width: 600px; margin: 0 auto;\">\n    <div class=\"date-time\" style=\"padding: 20px; text-align: center; border-right: 1px solid #ddd; background-color: #fff;\">\n        <p style=\"margin: 0; font-size: 24px; color: #007bff;\">19<\/p>\n        <p style=\"margin: 0; font-size: 14px; color: #666;\">ott 2024<\/p>\n        <p style=\"margin: 0; font-size: 12px; color: #666;\">sab 20:30<\/p>\n    <\/div>\n    <div class=\"event-details\" style=\"padding: 20px; flex-grow: 1; background-color: #fff;\">\n        <p style=\"margin: 0; font-size: 18px; color: #333; font-weight: bold;\">BERGERAC<\/p>\n        <p style=\"margin: 0; font-size: 14px; color: #666;\">Cabaret Bambino<\/p>\n        <p style=\"margin: 0; font-size: 14px; color: #666;\">109 Rue Neuve d&#8217;Argenson<\/p>\n    <\/div>\n    <div class=\"ticket-button\" style=\"padding: 20px; display: flex; align-items: center; background-color: #fff;\">\n        <a href=\"https:\/\/www.billetweb.fr\/le-divan-rouge\" style=\"display: inline-block; padding: 10px 20px; background-color: #007bff; color: white; text-decoration: none; border-radius: 5px;\">R\u00e9servation<\/a>\n    <\/div>\n<\/div>\n\n<style>\n    @media (max-width: 600px) {\n        .responsive-container {\n            display: flex;\n            flex-direction: column;\n        }\n        .responsive-container .date-time, .responsive-container .event-details, .responsive-container .ticket-button {\n            border-right: none;\n            text-align: center;\n            border-bottom: 1px solid #ddd;\n        }\n        .responsive-container .ticket-button {\n            border-bottom: none;\n            justify-content: center;\n        }\n    }\n    @media (min-width: 601px) {\n        .responsive-container {\n            display: flex;\n            flex-direction: row;\n        }\n        .responsive-container .date-time, .responsive-container .event-details, .responsive-container .ticket-button {\n            border-bottom: none;\n        }\n        .responsive-container .date-time {\n            border-right: 1px solid #ddd;\n            text-align: center;\n        }\n        .responsive-container .event-details {\n            border-right: 1px solid #ddd;\n            text-align: left;\n            flex-grow: 1;\n        }\n        .responsive-container .ticket-button {\n            text-align: right;\n            display: flex;\n            align-items: center;\n            justify-content: center;\n        }\n    }\n<\/style>\n\n\n\n<div style=\"height:44px\" aria-hidden=\"true\" class=\"wp-block-spacer\"><\/div>\n\n\n\n<div class=\"wp-block-columns is-layout-flex wp-container-core-columns-is-layout-9d6595d7 wp-block-columns-is-layout-flex\">\n<div class=\"wp-block-column is-layout-flow wp-block-column-is-layout-flow\">\n<p class=\"has-small-font-size\">Le Divan Rouge est un spectacle musical compos\u00e9 de deux danseuses, 1 violoncelliste et un pianiste compositeur, Alessio RUGGIO. Ce spectacle nous invite \u00e0 voyager dans l\u2019univers \u00e9motionnel et musical d\u2019Alessio.&nbsp;<\/p>\n\n\n\n<p class=\"has-small-font-size\">C\u2019est l\u2019histoire d\u2019un homme qui a d\u00e9cid\u00e9 d\u2019\u00eatre heureux, c\u2019est l\u2019histoire d\u2019un homme qui a d\u00e9cid\u00e9 de prendre son destin entre ses mains. De son enfance \u00e0 ses amours troubl\u00e9s, le divan rouge vous transporte dans une histoire de vie, dans une histoire de tendresse, dans une histoire de f\u00eate aux allures \u00e0 m\u00e9lancoliques et bucoliques \u00e0 la fois.<\/p>\n\n\n\n<p class=\"has-small-font-size\">1 H 15 de spectacle \u00e9tonnant, m\u00e9langeant toute la frivolit\u00e9 de l\u2019artiste et de sa passion pour la d\u00e9couverte de soi et des autres.&nbsp;<\/p>\n\n\n\n<p class=\"has-small-font-size\">Du divan au piano, tout l\u2019art de composer sa fa\u00e7on de vivre, sa fa\u00e7on d\u2019aimer, sa fa\u00e7on de se raconter et de faire face au quotidien.&nbsp;;<\/p>\n\n\n\n<p class=\"has-small-font-size\">Parfois \u00e9mouvant, parfois dr\u00f4le, ce spectacle est une belle le\u00e7on de vie qui inspire \u00e0 la gait\u00e9. On ne ressort pas insensible de ce spectacle.<\/p>\n\n\n\n<p class=\"has-small-font-size\">Sachez-le&nbsp;! Tourment\u00e9, sensible, amoureux, \u00e9picurien, Alessio vous invite donc \u00e0 une s\u00e9ance en toute intimit\u00e9.<\/p>\n<\/div>\n\n\n\n<div class=\"wp-block-column is-layout-flow wp-block-column-is-layout-flow\">\n<figure class=\"wp-block-gallery has-nested-images columns-default is-cropped wp-block-gallery-1 is-layout-flex wp-block-gallery-is-layout-flex\">\n<figure class=\"wp-block-image size-large\"><img loading=\"lazy\" decoding=\"async\" width=\"724\" height=\"1024\" data-id=\"464\" src=\"https:\/\/alessioruggio.com\/wp-content\/uploads\/2024\/07\/affiche-officielle-DR-1-724x1024.png\" alt=\"\" class=\"wp-image-464\" srcset=\"https:\/\/alessioruggio.com\/wp-content\/uploads\/2024\/07\/affiche-officielle-DR-1-724x1024.png 724w, https:\/\/alessioruggio.com\/wp-content\/uploads\/2024\/07\/affiche-officielle-DR-1-212x300.png 212w, https:\/\/alessioruggio.com\/wp-content\/uploads\/2024\/07\/affiche-officielle-DR-1-768x1086.png 768w, https:\/\/alessioruggio.com\/wp-content\/uploads\/2024\/07\/affiche-officielle-DR-1-1086x1536.png 1086w, https:\/\/alessioruggio.com\/wp-content\/uploads\/2024\/07\/affiche-officielle-DR-1-1448x2048.png 1448w, https:\/\/alessioruggio.com\/wp-content\/uploads\/2024\/07\/affiche-officielle-DR-1.png 1587w\" sizes=\"auto, (max-width: 724px) 100vw, 724px\" \/><\/figure>\n<\/figure>\n<\/div>\n<\/div>\n","protected":false},"excerpt":{"rendered":"<p>19 ott 2024 sab 20:30 BERGERAC Cabaret Bambino 109 Rue Neuve d&#8217;Argenson R\u00e9servation Le Divan Rouge est un spectacle musical<\/p>\n<p><span class=\"more-link\"><a href=\"https:\/\/alessioruggio.com\/index.php\/divan-rouge-spectacle-musical-alessio-ruggio\/\" class=\"readmore\">Continue reading<span class=\"screen-reader-text\">Divan ROUGE Spectacle Musical par Cyril LAPARRE &#8211; SAMEDI 19 OCTOBRE 2024 \u00c0 20 H 30<\/span><\/a><\/span><\/p>\n","protected":false},"author":2,"featured_media":0,"parent":0,"menu_order":0,"comment_status":"closed","ping_status":"closed","template":"templates\/full-width-page.php","meta":{"footnotes":""},"class_list":["post-449","page","type-page","status-publish","hentry"],"yoast_head":"<!-- This site is optimized with the Yoast SEO plugin v18.5.1 - https:\/\/yoast.com\/wordpress\/plugins\/seo\/ -->\n<title>Divan ROUGE Spectacle Musical par Cyril LAPARRE - SAMEDI 19 OCTOBRE 2024 \u00c0 20 H 30 - Alessio Ruggio<\/title>\n<meta name=\"robots\" content=\"index, follow, max-snippet:-1, max-image-preview:large, max-video-preview:-1\" \/>\n<link rel=\"canonical\" href=\"https:\/\/alessioruggio.com\/index.php\/divan-rouge-spectacle-musical-alessio-ruggio\/\" \/>\n<meta property=\"og:locale\" content=\"it_IT\" \/>\n<meta property=\"og:type\" content=\"article\" \/>\n<meta property=\"og:title\" content=\"Divan ROUGE Spectacle Musical par Cyril LAPARRE - SAMEDI 19 OCTOBRE 2024 \u00c0 20 H 30 - Alessio Ruggio\" \/>\n<meta property=\"og:description\" content=\"19 ott 2024 sab 20:30 BERGERAC Cabaret Bambino 109 Rue Neuve d&#8217;Argenson R\u00e9servation Le Divan Rouge est un spectacle musicalContinue readingDivan ROUGE Spectacle Musical par Cyril LAPARRE &#8211; SAMEDI 19 OCTOBRE 2024 \u00c0 20 H 30\" \/>\n<meta property=\"og:url\" content=\"https:\/\/alessioruggio.com\/index.php\/divan-rouge-spectacle-musical-alessio-ruggio\/\" \/>\n<meta property=\"og:site_name\" content=\"Alessio Ruggio\" \/>\n<meta property=\"article:modified_time\" content=\"2024-07-07T20:35:32+00:00\" \/>\n<meta property=\"og:image\" content=\"https:\/\/alessioruggio.com\/wp-content\/uploads\/2024\/07\/affiche-officielle-DR-1-724x1024.png\" \/>\n<meta name=\"twitter:card\" content=\"summary_large_image\" \/>\n<meta name=\"twitter:label1\" content=\"Tempo di lettura stimato\" \/>\n\t<meta name=\"twitter:data1\" content=\"1 minuto\" \/>\n<script type=\"application\/ld+json\" class=\"yoast-schema-graph\">{\"@context\":\"https:\/\/schema.org\",\"@graph\":[{\"@type\":[\"Person\",\"Organization\"],\"@id\":\"https:\/\/alessioruggio.com\/#\/schema\/person\/4a00a85c43f79ff31b5263e5c77390ce\",\"name\":\"Alessio Ruggio\",\"image\":{\"@type\":\"ImageObject\",\"@id\":\"https:\/\/alessioruggio.com\/#personlogo\",\"inLanguage\":\"it-IT\",\"url\":\"https:\/\/alessioruggio.com\/wp-content\/uploads\/2022\/03\/cropped-8f9c87b0-766a-416c-8329-6e79a7ba24cb-rotated-e1648318185915.jpg\",\"contentUrl\":\"https:\/\/alessioruggio.com\/wp-content\/uploads\/2022\/03\/cropped-8f9c87b0-766a-416c-8329-6e79a7ba24cb-rotated-e1648318185915.jpg\",\"width\":1920,\"height\":1080,\"caption\":\"Alessio Ruggio\"},\"logo\":{\"@id\":\"https:\/\/alessioruggio.com\/#personlogo\"},\"sameAs\":[\"http:\/\/alessioruggio.com\"]},{\"@type\":\"WebSite\",\"@id\":\"https:\/\/alessioruggio.com\/#website\",\"url\":\"https:\/\/alessioruggio.com\/\",\"name\":\"Alessio Ruggio\",\"description\":\"\",\"publisher\":{\"@id\":\"https:\/\/alessioruggio.com\/#\/schema\/person\/4a00a85c43f79ff31b5263e5c77390ce\"},\"potentialAction\":[{\"@type\":\"SearchAction\",\"target\":{\"@type\":\"EntryPoint\",\"urlTemplate\":\"https:\/\/alessioruggio.com\/?s={search_term_string}\"},\"query-input\":\"required name=search_term_string\"}],\"inLanguage\":\"it-IT\"},{\"@type\":\"ImageObject\",\"@id\":\"https:\/\/alessioruggio.com\/index.php\/divan-rouge-spectacle-musical-alessio-ruggio\/#primaryimage\",\"inLanguage\":\"it-IT\",\"url\":\"https:\/\/alessioruggio.com\/wp-content\/uploads\/2024\/07\/affiche-officielle-DR-1.png\",\"contentUrl\":\"https:\/\/alessioruggio.com\/wp-content\/uploads\/2024\/07\/affiche-officielle-DR-1.png\",\"width\":1587,\"height\":2245},{\"@type\":\"WebPage\",\"@id\":\"https:\/\/alessioruggio.com\/index.php\/divan-rouge-spectacle-musical-alessio-ruggio\/#webpage\",\"url\":\"https:\/\/alessioruggio.com\/index.php\/divan-rouge-spectacle-musical-alessio-ruggio\/\",\"name\":\"Divan ROUGE Spectacle Musical par Cyril LAPARRE - SAMEDI 19 OCTOBRE 2024 \u00c0 20 H 30 - Alessio Ruggio\",\"isPartOf\":{\"@id\":\"https:\/\/alessioruggio.com\/#website\"},\"primaryImageOfPage\":{\"@id\":\"https:\/\/alessioruggio.com\/index.php\/divan-rouge-spectacle-musical-alessio-ruggio\/#primaryimage\"},\"datePublished\":\"2024-07-07T20:04:09+00:00\",\"dateModified\":\"2024-07-07T20:35:32+00:00\",\"breadcrumb\":{\"@id\":\"https:\/\/alessioruggio.com\/index.php\/divan-rouge-spectacle-musical-alessio-ruggio\/#breadcrumb\"},\"inLanguage\":\"it-IT\",\"potentialAction\":[{\"@type\":\"ReadAction\",\"target\":[\"https:\/\/alessioruggio.com\/index.php\/divan-rouge-spectacle-musical-alessio-ruggio\/\"]}]},{\"@type\":\"BreadcrumbList\",\"@id\":\"https:\/\/alessioruggio.com\/index.php\/divan-rouge-spectacle-musical-alessio-ruggio\/#breadcrumb\",\"itemListElement\":[{\"@type\":\"ListItem\",\"position\":1,\"name\":\"Home\",\"item\":\"https:\/\/alessioruggio.com\/\"},{\"@type\":\"ListItem\",\"position\":2,\"name\":\"Divan ROUGE Spectacle Musical par Cyril LAPARRE &#8211; SAMEDI 19 OCTOBRE 2024 \u00c0 20 H 30\"}]}]}<\/script>\n<!-- \/ Yoast SEO plugin. -->","yoast_head_json":{"title":"Divan ROUGE Spectacle Musical par Cyril LAPARRE - SAMEDI 19 OCTOBRE 2024 \u00c0 20 H 30 - Alessio Ruggio","robots":{"index":"index","follow":"follow","max-snippet":"max-snippet:-1","max-image-preview":"max-image-preview:large","max-video-preview":"max-video-preview:-1"},"canonical":"https:\/\/alessioruggio.com\/index.php\/divan-rouge-spectacle-musical-alessio-ruggio\/","og_locale":"it_IT","og_type":"article","og_title":"Divan ROUGE Spectacle Musical par Cyril LAPARRE - SAMEDI 19 OCTOBRE 2024 \u00c0 20 H 30 - Alessio Ruggio","og_description":"19 ott 2024 sab 20:30 BERGERAC Cabaret Bambino 109 Rue Neuve d&#8217;Argenson R\u00e9servation Le Divan Rouge est un spectacle musicalContinue readingDivan ROUGE Spectacle Musical par Cyril LAPARRE &#8211; SAMEDI 19 OCTOBRE 2024 \u00c0 20 H 30","og_url":"https:\/\/alessioruggio.com\/index.php\/divan-rouge-spectacle-musical-alessio-ruggio\/","og_site_name":"Alessio Ruggio","article_modified_time":"2024-07-07T20:35:32+00:00","og_image":[{"url":"https:\/\/alessioruggio.com\/wp-content\/uploads\/2024\/07\/affiche-officielle-DR-1-724x1024.png"}],"twitter_card":"summary_large_image","twitter_misc":{"Tempo di lettura stimato":"1 minuto"},"schema":{"@context":"https:\/\/schema.org","@graph":[{"@type":["Person","Organization"],"@id":"https:\/\/alessioruggio.com\/#\/schema\/person\/4a00a85c43f79ff31b5263e5c77390ce","name":"Alessio Ruggio","image":{"@type":"ImageObject","@id":"https:\/\/alessioruggio.com\/#personlogo","inLanguage":"it-IT","url":"https:\/\/alessioruggio.com\/wp-content\/uploads\/2022\/03\/cropped-8f9c87b0-766a-416c-8329-6e79a7ba24cb-rotated-e1648318185915.jpg","contentUrl":"https:\/\/alessioruggio.com\/wp-content\/uploads\/2022\/03\/cropped-8f9c87b0-766a-416c-8329-6e79a7ba24cb-rotated-e1648318185915.jpg","width":1920,"height":1080,"caption":"Alessio Ruggio"},"logo":{"@id":"https:\/\/alessioruggio.com\/#personlogo"},"sameAs":["http:\/\/alessioruggio.com"]},{"@type":"WebSite","@id":"https:\/\/alessioruggio.com\/#website","url":"https:\/\/alessioruggio.com\/","name":"Alessio Ruggio","description":"","publisher":{"@id":"https:\/\/alessioruggio.com\/#\/schema\/person\/4a00a85c43f79ff31b5263e5c77390ce"},"potentialAction":[{"@type":"SearchAction","target":{"@type":"EntryPoint","urlTemplate":"https:\/\/alessioruggio.com\/?s={search_term_string}"},"query-input":"required name=search_term_string"}],"inLanguage":"it-IT"},{"@type":"ImageObject","@id":"https:\/\/alessioruggio.com\/index.php\/divan-rouge-spectacle-musical-alessio-ruggio\/#primaryimage","inLanguage":"it-IT","url":"https:\/\/alessioruggio.com\/wp-content\/uploads\/2024\/07\/affiche-officielle-DR-1.png","contentUrl":"https:\/\/alessioruggio.com\/wp-content\/uploads\/2024\/07\/affiche-officielle-DR-1.png","width":1587,"height":2245},{"@type":"WebPage","@id":"https:\/\/alessioruggio.com\/index.php\/divan-rouge-spectacle-musical-alessio-ruggio\/#webpage","url":"https:\/\/alessioruggio.com\/index.php\/divan-rouge-spectacle-musical-alessio-ruggio\/","name":"Divan ROUGE Spectacle Musical par Cyril LAPARRE - SAMEDI 19 OCTOBRE 2024 \u00c0 20 H 30 - Alessio Ruggio","isPartOf":{"@id":"https:\/\/alessioruggio.com\/#website"},"primaryImageOfPage":{"@id":"https:\/\/alessioruggio.com\/index.php\/divan-rouge-spectacle-musical-alessio-ruggio\/#primaryimage"},"datePublished":"2024-07-07T20:04:09+00:00","dateModified":"2024-07-07T20:35:32+00:00","breadcrumb":{"@id":"https:\/\/alessioruggio.com\/index.php\/divan-rouge-spectacle-musical-alessio-ruggio\/#breadcrumb"},"inLanguage":"it-IT","potentialAction":[{"@type":"ReadAction","target":["https:\/\/alessioruggio.com\/index.php\/divan-rouge-spectacle-musical-alessio-ruggio\/"]}]},{"@type":"BreadcrumbList","@id":"https:\/\/alessioruggio.com\/index.php\/divan-rouge-spectacle-musical-alessio-ruggio\/#breadcrumb","itemListElement":[{"@type":"ListItem","position":1,"name":"Home","item":"https:\/\/alessioruggio.com\/"},{"@type":"ListItem","position":2,"name":"Divan ROUGE Spectacle Musical par Cyril LAPARRE &#8211; SAMEDI 19 OCTOBRE 2024 \u00c0 20 H 30"}]}]}},"_links":{"self":[{"href":"https:\/\/alessioruggio.com\/index.php\/wp-json\/wp\/v2\/pages\/449","targetHints":{"allow":["GET"]}}],"collection":[{"href":"https:\/\/alessioruggio.com\/index.php\/wp-json\/wp\/v2\/pages"}],"about":[{"href":"https:\/\/alessioruggio.com\/index.php\/wp-json\/wp\/v2\/types\/page"}],"author":[{"embeddable":true,"href":"https:\/\/alessioruggio.com\/index.php\/wp-json\/wp\/v2\/users\/2"}],"replies":[{"embeddable":true,"href":"https:\/\/alessioruggio.com\/index.php\/wp-json\/wp\/v2\/comments?post=449"}],"version-history":[{"count":29,"href":"https:\/\/alessioruggio.com\/index.php\/wp-json\/wp\/v2\/pages\/449\/revisions"}],"predecessor-version":[{"id":491,"href":"https:\/\/alessioruggio.com\/index.php\/wp-json\/wp\/v2\/pages\/449\/revisions\/491"}],"wp:attachment":[{"href":"https:\/\/alessioruggio.com\/index.php\/wp-json\/wp\/v2\/media?parent=449"}],"curies":[{"name":"wp","href":"https:\/\/api.w.org\/{rel}","templated":true}]}}