{"id":320,"date":"2023-02-19T19:40:26","date_gmt":"2023-02-19T18:40:26","guid":{"rendered":"https:\/\/alessioruggio.com\/?page_id=320"},"modified":"2023-02-19T20:19:26","modified_gmt":"2023-02-19T19:19:26","slug":"babylone-concert-au-piano-15-mars-2023-theatre-libre-paris","status":"publish","type":"page","link":"https:\/\/alessioruggio.com\/index.php\/babylone-concert-au-piano-15-mars-2023-theatre-libre-paris\/","title":{"rendered":"Babylone &#8211; Concert au piano &#8211; 15 Mars 2023 &#8211; Th\u00e9\u00e2tre Libre, Paris"},"content":{"rendered":"\n<p><a href=\"https:\/\/www.youtube.com\/@alessioruggio\"><\/a><\/p>\n\n\n\n<figure class=\"wp-block-video\"><video height=\"720\" style=\"aspect-ratio: 1280 \/ 720;\" width=\"1280\" autoplay controls src=\"https:\/\/alessioruggio.com\/wp-content\/uploads\/2023\/02\/Babylone-Concert-au-piano-15-Mars-2023-Theatre-Libre-Paris.mp4\" playsinline><\/video><\/figure>\n\n\n\n<div style=\"height:83px\" aria-hidden=\"true\" class=\"wp-block-spacer\"><\/div>\n\n\n\n<div class=\"wp-block-columns is-layout-flex wp-container-core-columns-is-layout-9d6595d7 wp-block-columns-is-layout-flex\">\n<div class=\"wp-block-column is-layout-flow wp-block-column-is-layout-flow\">\n<figure class=\"wp-block-image size-large\"><img loading=\"lazy\" decoding=\"async\" width=\"819\" height=\"1024\" src=\"http:\/\/alessioruggio.com\/wp-content\/uploads\/2023\/02\/thumbnail_AFFICHE-4-819x1024.png\" alt=\"\" class=\"wp-image-329\" srcset=\"https:\/\/alessioruggio.com\/wp-content\/uploads\/2023\/02\/thumbnail_AFFICHE-4-819x1024.png 819w, https:\/\/alessioruggio.com\/wp-content\/uploads\/2023\/02\/thumbnail_AFFICHE-4-240x300.png 240w, https:\/\/alessioruggio.com\/wp-content\/uploads\/2023\/02\/thumbnail_AFFICHE-4-768x960.png 768w, https:\/\/alessioruggio.com\/wp-content\/uploads\/2023\/02\/thumbnail_AFFICHE-4.png 1024w\" sizes=\"auto, (max-width: 819px) 100vw, 819px\" \/><\/figure>\n<\/div>\n\n\n\n<div class=\"wp-block-column is-layout-flow wp-block-column-is-layout-flow\">\n<p><\/p>\n\n\n\n<p class=\"has-small-font-size\">Il suffit parfois juste d\u2019un piano, de quelques notes, d\u2019une m\u00e9lodie sensible, pour que des images se forment en nous, dessinant des histoires o\u00f9 tout est po\u00e9sie, pour que d\u00e9licatement nos \u00e2mes se m\u00ealent \u00e0 l\u2019infini, pour que nos \u00e9motions pures partent vers plus de libert\u00e9.<\/p>\n\n\n\n<p class=\"has-small-font-size\">Apr\u00e8s la sortie de son premier album \u00ab&nbsp;<strong>Grand Soufre<\/strong>&nbsp;\u00bb et de ses deux singles \u00ab&nbsp;<strong>Eight<\/strong>&nbsp;\u00bb et&nbsp;<strong>D\u00e9g\u00e9n\u00e9rescence Nocturne<\/strong>&nbsp;\u00bb,&nbsp;<strong>Alessio Ruggio<\/strong>&nbsp;nous pr\u00e9sente en avant-premi\u00e8re les compositions de son nouvel album \u00ab&nbsp;<strong>Babylone<\/strong>&nbsp;\u00bb qui sortira en mai prochain.<\/p>\n\n\n\n<p class=\"has-small-font-size\">\u00c0 l\u2019image des musiques de films, la bande son des \u00e9motions du pianiste italien ne font que raconter des moments de la vie, certains joyeux, d\u2019autres plus m\u00e9lancolique, mais toujours avec beaucoup de douceur.<\/p>\n\n\n\n<p class=\"has-small-font-size\">Artiste phare des playlists instrumentales de piano et de musique douce, d\u00e9couvrez le tourbillon des sentiments d\u2019un artiste contemporain dont le doigt\u00e9 oscille entre classique et pop.<\/p>\n\n\n\n<p><\/p>\n\n\n\n<div class=\"wp-block-buttons is-layout-flex wp-block-buttons-is-layout-flex\">\n<div class=\"wp-block-button is-style-fill\"><a class=\"wp-block-button__link has-background wp-element-button\" href=\"https:\/\/le-theatrelibre.fr\/event-pro\/alessio-ruggio\/\" style=\"background-color:#ff0303\" target=\"_blank\" rel=\"noreferrer noopener\">Acheter le billet<\/a><\/div>\n<\/div>\n<\/div>\n<\/div>\n","protected":false},"excerpt":{"rendered":"<p>Il suffit parfois juste d\u2019un piano, de quelques notes, d\u2019une m\u00e9lodie sensible, pour que des images se forment en nous,<\/p>\n<p><span class=\"more-link\"><a href=\"https:\/\/alessioruggio.com\/index.php\/babylone-concert-au-piano-15-mars-2023-theatre-libre-paris\/\" class=\"readmore\">Continue reading<span class=\"screen-reader-text\">Babylone &#8211; Concert au piano &#8211; 15 Mars 2023 &#8211; Th\u00e9\u00e2tre Libre, Paris<\/span><\/a><\/span><\/p>\n","protected":false},"author":2,"featured_media":0,"parent":0,"menu_order":0,"comment_status":"closed","ping_status":"closed","template":"templates\/full-width-page.php","meta":{"footnotes":""},"class_list":["post-320","page","type-page","status-publish","hentry"],"yoast_head":"<!-- This site is optimized with the Yoast SEO plugin v18.5.1 - https:\/\/yoast.com\/wordpress\/plugins\/seo\/ -->\n<title>Babylone - Concert au piano - 15 Mars 2023 - Th\u00e9\u00e2tre Libre, Paris - Alessio Ruggio<\/title>\n<meta name=\"robots\" content=\"index, follow, max-snippet:-1, max-image-preview:large, max-video-preview:-1\" \/>\n<link rel=\"canonical\" href=\"https:\/\/alessioruggio.com\/index.php\/babylone-concert-au-piano-15-mars-2023-theatre-libre-paris\/\" \/>\n<meta property=\"og:locale\" content=\"it_IT\" \/>\n<meta property=\"og:type\" content=\"article\" \/>\n<meta property=\"og:title\" content=\"Babylone - Concert au piano - 15 Mars 2023 - Th\u00e9\u00e2tre Libre, Paris - Alessio Ruggio\" \/>\n<meta property=\"og:description\" content=\"Il suffit parfois juste d\u2019un piano, de quelques notes, d\u2019une m\u00e9lodie sensible, pour que des images se forment en nous,Continue readingBabylone &#8211; Concert au piano &#8211; 15 Mars 2023 &#8211; Th\u00e9\u00e2tre Libre, Paris\" \/>\n<meta property=\"og:url\" content=\"https:\/\/alessioruggio.com\/index.php\/babylone-concert-au-piano-15-mars-2023-theatre-libre-paris\/\" \/>\n<meta property=\"og:site_name\" content=\"Alessio Ruggio\" \/>\n<meta property=\"article:modified_time\" content=\"2023-02-19T19:19:26+00:00\" \/>\n<meta property=\"og:image\" content=\"http:\/\/alessioruggio.com\/wp-content\/uploads\/2023\/02\/thumbnail_AFFICHE-4-819x1024.png\" \/>\n<meta name=\"twitter:card\" content=\"summary_large_image\" \/>\n<meta name=\"twitter:label1\" content=\"Tempo di lettura stimato\" \/>\n\t<meta name=\"twitter:data1\" content=\"2 minuti\" \/>\n<script type=\"application\/ld+json\" class=\"yoast-schema-graph\">{\"@context\":\"https:\/\/schema.org\",\"@graph\":[{\"@type\":[\"Person\",\"Organization\"],\"@id\":\"https:\/\/alessioruggio.com\/#\/schema\/person\/4a00a85c43f79ff31b5263e5c77390ce\",\"name\":\"Alessio Ruggio\",\"image\":{\"@type\":\"ImageObject\",\"@id\":\"https:\/\/alessioruggio.com\/#personlogo\",\"inLanguage\":\"it-IT\",\"url\":\"https:\/\/alessioruggio.com\/wp-content\/uploads\/2022\/03\/cropped-8f9c87b0-766a-416c-8329-6e79a7ba24cb-rotated-e1648318185915.jpg\",\"contentUrl\":\"https:\/\/alessioruggio.com\/wp-content\/uploads\/2022\/03\/cropped-8f9c87b0-766a-416c-8329-6e79a7ba24cb-rotated-e1648318185915.jpg\",\"width\":1920,\"height\":1080,\"caption\":\"Alessio Ruggio\"},\"logo\":{\"@id\":\"https:\/\/alessioruggio.com\/#personlogo\"},\"sameAs\":[\"http:\/\/alessioruggio.com\"]},{\"@type\":\"WebSite\",\"@id\":\"https:\/\/alessioruggio.com\/#website\",\"url\":\"https:\/\/alessioruggio.com\/\",\"name\":\"Alessio Ruggio\",\"description\":\"\",\"publisher\":{\"@id\":\"https:\/\/alessioruggio.com\/#\/schema\/person\/4a00a85c43f79ff31b5263e5c77390ce\"},\"potentialAction\":[{\"@type\":\"SearchAction\",\"target\":{\"@type\":\"EntryPoint\",\"urlTemplate\":\"https:\/\/alessioruggio.com\/?s={search_term_string}\"},\"query-input\":\"required name=search_term_string\"}],\"inLanguage\":\"it-IT\"},{\"@type\":\"ImageObject\",\"@id\":\"https:\/\/alessioruggio.com\/index.php\/babylone-concert-au-piano-15-mars-2023-theatre-libre-paris\/#primaryimage\",\"inLanguage\":\"it-IT\",\"url\":\"https:\/\/alessioruggio.com\/wp-content\/uploads\/2023\/02\/thumbnail_AFFICHE-4.png\",\"contentUrl\":\"https:\/\/alessioruggio.com\/wp-content\/uploads\/2023\/02\/thumbnail_AFFICHE-4.png\",\"width\":1024,\"height\":1280},{\"@type\":\"WebPage\",\"@id\":\"https:\/\/alessioruggio.com\/index.php\/babylone-concert-au-piano-15-mars-2023-theatre-libre-paris\/#webpage\",\"url\":\"https:\/\/alessioruggio.com\/index.php\/babylone-concert-au-piano-15-mars-2023-theatre-libre-paris\/\",\"name\":\"Babylone - Concert au piano - 15 Mars 2023 - Th\u00e9\u00e2tre Libre, Paris - Alessio Ruggio\",\"isPartOf\":{\"@id\":\"https:\/\/alessioruggio.com\/#website\"},\"primaryImageOfPage\":{\"@id\":\"https:\/\/alessioruggio.com\/index.php\/babylone-concert-au-piano-15-mars-2023-theatre-libre-paris\/#primaryimage\"},\"datePublished\":\"2023-02-19T18:40:26+00:00\",\"dateModified\":\"2023-02-19T19:19:26+00:00\",\"breadcrumb\":{\"@id\":\"https:\/\/alessioruggio.com\/index.php\/babylone-concert-au-piano-15-mars-2023-theatre-libre-paris\/#breadcrumb\"},\"inLanguage\":\"it-IT\",\"potentialAction\":[{\"@type\":\"ReadAction\",\"target\":[\"https:\/\/alessioruggio.com\/index.php\/babylone-concert-au-piano-15-mars-2023-theatre-libre-paris\/\"]}]},{\"@type\":\"BreadcrumbList\",\"@id\":\"https:\/\/alessioruggio.com\/index.php\/babylone-concert-au-piano-15-mars-2023-theatre-libre-paris\/#breadcrumb\",\"itemListElement\":[{\"@type\":\"ListItem\",\"position\":1,\"name\":\"Home\",\"item\":\"https:\/\/alessioruggio.com\/\"},{\"@type\":\"ListItem\",\"position\":2,\"name\":\"Babylone &#8211; Concert au piano &#8211; 15 Mars 2023 &#8211; Th\u00e9\u00e2tre Libre, Paris\"}]}]}<\/script>\n<!-- \/ Yoast SEO plugin. -->","yoast_head_json":{"title":"Babylone - Concert au piano - 15 Mars 2023 - Th\u00e9\u00e2tre Libre, Paris - Alessio Ruggio","robots":{"index":"index","follow":"follow","max-snippet":"max-snippet:-1","max-image-preview":"max-image-preview:large","max-video-preview":"max-video-preview:-1"},"canonical":"https:\/\/alessioruggio.com\/index.php\/babylone-concert-au-piano-15-mars-2023-theatre-libre-paris\/","og_locale":"it_IT","og_type":"article","og_title":"Babylone - Concert au piano - 15 Mars 2023 - Th\u00e9\u00e2tre Libre, Paris - Alessio Ruggio","og_description":"Il suffit parfois juste d\u2019un piano, de quelques notes, d\u2019une m\u00e9lodie sensible, pour que des images se forment en nous,Continue readingBabylone &#8211; Concert au piano &#8211; 15 Mars 2023 &#8211; Th\u00e9\u00e2tre Libre, Paris","og_url":"https:\/\/alessioruggio.com\/index.php\/babylone-concert-au-piano-15-mars-2023-theatre-libre-paris\/","og_site_name":"Alessio Ruggio","article_modified_time":"2023-02-19T19:19:26+00:00","og_image":[{"url":"http:\/\/alessioruggio.com\/wp-content\/uploads\/2023\/02\/thumbnail_AFFICHE-4-819x1024.png"}],"twitter_card":"summary_large_image","twitter_misc":{"Tempo di lettura stimato":"2 minuti"},"schema":{"@context":"https:\/\/schema.org","@graph":[{"@type":["Person","Organization"],"@id":"https:\/\/alessioruggio.com\/#\/schema\/person\/4a00a85c43f79ff31b5263e5c77390ce","name":"Alessio Ruggio","image":{"@type":"ImageObject","@id":"https:\/\/alessioruggio.com\/#personlogo","inLanguage":"it-IT","url":"https:\/\/alessioruggio.com\/wp-content\/uploads\/2022\/03\/cropped-8f9c87b0-766a-416c-8329-6e79a7ba24cb-rotated-e1648318185915.jpg","contentUrl":"https:\/\/alessioruggio.com\/wp-content\/uploads\/2022\/03\/cropped-8f9c87b0-766a-416c-8329-6e79a7ba24cb-rotated-e1648318185915.jpg","width":1920,"height":1080,"caption":"Alessio Ruggio"},"logo":{"@id":"https:\/\/alessioruggio.com\/#personlogo"},"sameAs":["http:\/\/alessioruggio.com"]},{"@type":"WebSite","@id":"https:\/\/alessioruggio.com\/#website","url":"https:\/\/alessioruggio.com\/","name":"Alessio Ruggio","description":"","publisher":{"@id":"https:\/\/alessioruggio.com\/#\/schema\/person\/4a00a85c43f79ff31b5263e5c77390ce"},"potentialAction":[{"@type":"SearchAction","target":{"@type":"EntryPoint","urlTemplate":"https:\/\/alessioruggio.com\/?s={search_term_string}"},"query-input":"required name=search_term_string"}],"inLanguage":"it-IT"},{"@type":"ImageObject","@id":"https:\/\/alessioruggio.com\/index.php\/babylone-concert-au-piano-15-mars-2023-theatre-libre-paris\/#primaryimage","inLanguage":"it-IT","url":"https:\/\/alessioruggio.com\/wp-content\/uploads\/2023\/02\/thumbnail_AFFICHE-4.png","contentUrl":"https:\/\/alessioruggio.com\/wp-content\/uploads\/2023\/02\/thumbnail_AFFICHE-4.png","width":1024,"height":1280},{"@type":"WebPage","@id":"https:\/\/alessioruggio.com\/index.php\/babylone-concert-au-piano-15-mars-2023-theatre-libre-paris\/#webpage","url":"https:\/\/alessioruggio.com\/index.php\/babylone-concert-au-piano-15-mars-2023-theatre-libre-paris\/","name":"Babylone - Concert au piano - 15 Mars 2023 - Th\u00e9\u00e2tre Libre, Paris - Alessio Ruggio","isPartOf":{"@id":"https:\/\/alessioruggio.com\/#website"},"primaryImageOfPage":{"@id":"https:\/\/alessioruggio.com\/index.php\/babylone-concert-au-piano-15-mars-2023-theatre-libre-paris\/#primaryimage"},"datePublished":"2023-02-19T18:40:26+00:00","dateModified":"2023-02-19T19:19:26+00:00","breadcrumb":{"@id":"https:\/\/alessioruggio.com\/index.php\/babylone-concert-au-piano-15-mars-2023-theatre-libre-paris\/#breadcrumb"},"inLanguage":"it-IT","potentialAction":[{"@type":"ReadAction","target":["https:\/\/alessioruggio.com\/index.php\/babylone-concert-au-piano-15-mars-2023-theatre-libre-paris\/"]}]},{"@type":"BreadcrumbList","@id":"https:\/\/alessioruggio.com\/index.php\/babylone-concert-au-piano-15-mars-2023-theatre-libre-paris\/#breadcrumb","itemListElement":[{"@type":"ListItem","position":1,"name":"Home","item":"https:\/\/alessioruggio.com\/"},{"@type":"ListItem","position":2,"name":"Babylone &#8211; Concert au piano &#8211; 15 Mars 2023 &#8211; Th\u00e9\u00e2tre Libre, Paris"}]}]}},"_links":{"self":[{"href":"https:\/\/alessioruggio.com\/index.php\/wp-json\/wp\/v2\/pages\/320","targetHints":{"allow":["GET"]}}],"collection":[{"href":"https:\/\/alessioruggio.com\/index.php\/wp-json\/wp\/v2\/pages"}],"about":[{"href":"https:\/\/alessioruggio.com\/index.php\/wp-json\/wp\/v2\/types\/page"}],"author":[{"embeddable":true,"href":"https:\/\/alessioruggio.com\/index.php\/wp-json\/wp\/v2\/users\/2"}],"replies":[{"embeddable":true,"href":"https:\/\/alessioruggio.com\/index.php\/wp-json\/wp\/v2\/comments?post=320"}],"version-history":[{"count":14,"href":"https:\/\/alessioruggio.com\/index.php\/wp-json\/wp\/v2\/pages\/320\/revisions"}],"predecessor-version":[{"id":343,"href":"https:\/\/alessioruggio.com\/index.php\/wp-json\/wp\/v2\/pages\/320\/revisions\/343"}],"wp:attachment":[{"href":"https:\/\/alessioruggio.com\/index.php\/wp-json\/wp\/v2\/media?parent=320"}],"curies":[{"name":"wp","href":"https:\/\/api.w.org\/{rel}","templated":true}]}}